{"id":643,"date":"2020-09-21T08:44:15","date_gmt":"2020-09-21T08:44:15","guid":{"rendered":"https:\/\/mojorah.rs\/?page_id=643"},"modified":"2022-07-27T10:50:17","modified_gmt":"2022-07-27T10:50:17","slug":"galerija-entum","status":"publish","type":"page","link":"https:\/\/mojorah.rs\/?page_id=643","title":{"rendered":"Galerija &#8212; moj zasad Ven\u010dane"},"content":{"rendered":"\n<h2>Moj zasad Ven\u010dane I godina<\/h2>\n\n\n\n<div class=\"wp-block-group\"><div class=\"wp-block-group__inner-container\">\n<div class=\"wp-block-group\"><div class=\"wp-block-group__inner-container\">\n<div class=\"wp-block-group\"><div class=\"wp-block-group__inner-container\">\n<figure class=\"wp-block-gallery columns-3 is-cropped\"><ul class=\"blocks-gallery-grid\"><li class=\"blocks-gallery-item\"><figure><img loading=\"lazy\" width=\"768\" height=\"1024\" src=\"https:\/\/mojorah.rs\/wp-content\/uploads\/2021\/09\/vencane_priprema_rupa_za_sadnju-3-768x1024.jpg\" alt=\"\" data-id=\"866\" data-full-url=\"https:\/\/mojorah.rs\/wp-content\/uploads\/2021\/09\/vencane_priprema_rupa_za_sadnju-3-scaled.jpg\" data-link=\"https:\/\/mojorah.rs\/?attachment_id=866\" class=\"wp-image-866\" srcset=\"https:\/\/mojorah.rs\/wp-content\/uploads\/2021\/09\/vencane_priprema_rupa_za_sadnju-3-768x1024.jpg 768w, https:\/\/mojorah.rs\/wp-content\/uploads\/2021\/09\/vencane_priprema_rupa_za_sadnju-3-225x300.jpg 225w, https:\/\/mojorah.rs\/wp-content\/uploads\/2021\/09\/vencane_priprema_rupa_za_sadnju-3-1152x1536.jpg 1152w, https:\/\/mojorah.rs\/wp-content\/uploads\/2021\/09\/vencane_priprema_rupa_za_sadnju-3-1536x2048.jpg 1536w, https:\/\/mojorah.rs\/wp-content\/uploads\/2021\/09\/vencane_priprema_rupa_za_sadnju-3-scaled.jpg 1920w\" sizes=\"(max-width: 768px) 100vw, 768px\" \/><figcaption class=\"blocks-gallery-item__caption\">Kopanje rupa<\/figcaption><\/figure><\/li><li class=\"blocks-gallery-item\"><figure><img loading=\"lazy\" width=\"1024\" height=\"768\" src=\"https:\/\/mojorah.rs\/wp-content\/uploads\/2021\/09\/2-2-1024x768.jpg\" alt=\"\" data-id=\"863\" data-full-url=\"https:\/\/mojorah.rs\/wp-content\/uploads\/2021\/09\/2-2-scaled.jpg\" data-link=\"https:\/\/mojorah.rs\/?attachment_id=863\" class=\"wp-image-863\" srcset=\"https:\/\/mojorah.rs\/wp-content\/uploads\/2021\/09\/2-2-1024x768.jpg 1024w, https:\/\/mojorah.rs\/wp-content\/uploads\/2021\/09\/2-2-300x225.jpg 300w, https:\/\/mojorah.rs\/wp-content\/uploads\/2021\/09\/2-2-768x576.jpg 768w, https:\/\/mojorah.rs\/wp-content\/uploads\/2021\/09\/2-2-1536x1152.jpg 1536w, https:\/\/mojorah.rs\/wp-content\/uploads\/2021\/09\/2-2-2048x1536.jpg 2048w\" sizes=\"(max-width: 1024px) 100vw, 1024px\" \/><figcaption class=\"blocks-gallery-item__caption\">Cepovanje<\/figcaption><\/figure><\/li><li class=\"blocks-gallery-item\"><figure><img loading=\"lazy\" width=\"762\" height=\"1024\" src=\"https:\/\/mojorah.rs\/wp-content\/uploads\/2021\/09\/3-2-762x1024.jpg\" alt=\"\" data-id=\"864\" data-full-url=\"https:\/\/mojorah.rs\/wp-content\/uploads\/2021\/09\/3-2.jpg\" data-link=\"https:\/\/mojorah.rs\/?attachment_id=864\" class=\"wp-image-864\" srcset=\"https:\/\/mojorah.rs\/wp-content\/uploads\/2021\/09\/3-2-762x1024.jpg 762w, https:\/\/mojorah.rs\/wp-content\/uploads\/2021\/09\/3-2-223x300.jpg 223w, https:\/\/mojorah.rs\/wp-content\/uploads\/2021\/09\/3-2-768x1032.jpg 768w, https:\/\/mojorah.rs\/wp-content\/uploads\/2021\/09\/3-2-1143x1536.jpg 1143w, https:\/\/mojorah.rs\/wp-content\/uploads\/2021\/09\/3-2.jpg 1152w\" sizes=\"(max-width: 762px) 100vw, 762px\" \/><figcaption class=\"blocks-gallery-item__caption\">Pocetak vegetacije<\/figcaption><\/figure><\/li><li class=\"blocks-gallery-item\"><figure><img loading=\"lazy\" width=\"1024\" height=\"768\" src=\"https:\/\/mojorah.rs\/wp-content\/uploads\/2021\/09\/4-2-1024x768.jpg\" alt=\"\" data-id=\"865\" data-full-url=\"https:\/\/mojorah.rs\/wp-content\/uploads\/2021\/09\/4-2-scaled.jpg\" data-link=\"https:\/\/mojorah.rs\/?attachment_id=865\" class=\"wp-image-865\" srcset=\"https:\/\/mojorah.rs\/wp-content\/uploads\/2021\/09\/4-2-1024x768.jpg 1024w, https:\/\/mojorah.rs\/wp-content\/uploads\/2021\/09\/4-2-300x225.jpg 300w, https:\/\/mojorah.rs\/wp-content\/uploads\/2021\/09\/4-2-768x576.jpg 768w, https:\/\/mojorah.rs\/wp-content\/uploads\/2021\/09\/4-2-1536x1152.jpg 1536w, https:\/\/mojorah.rs\/wp-content\/uploads\/2021\/09\/4-2-2048x1536.jpg 2048w\" sizes=\"(max-width: 1024px) 100vw, 1024px\" \/><figcaption class=\"blocks-gallery-item__caption\">Kraj I vegetacije<\/figcaption><\/figure><\/li><\/ul><\/figure>\n\n\n\n<hr class=\"wp-block-separator\"\/>\n<\/div><\/div>\n<\/div><\/div>\n<\/div><\/div>\n\n\n\n<h2>Moj zasad Ven\u010dane II godina<\/h2>\n\n\n\n<figure class=\"wp-block-gallery columns-3 is-cropped\"><ul class=\"blocks-gallery-grid\"><li class=\"blocks-gallery-item\"><figure><img loading=\"lazy\" width=\"768\" height=\"1024\" src=\"https:\/\/mojorah.rs\/wp-content\/uploads\/2021\/09\/2.1-768x1024.jpg\" alt=\"\" data-id=\"869\" data-full-url=\"https:\/\/mojorah.rs\/wp-content\/uploads\/2021\/09\/2.1-scaled.jpg\" data-link=\"https:\/\/mojorah.rs\/?attachment_id=869\" class=\"wp-image-869\" srcset=\"https:\/\/mojorah.rs\/wp-content\/uploads\/2021\/09\/2.1-768x1024.jpg 768w, https:\/\/mojorah.rs\/wp-content\/uploads\/2021\/09\/2.1-225x300.jpg 225w, https:\/\/mojorah.rs\/wp-content\/uploads\/2021\/09\/2.1-1152x1536.jpg 1152w, https:\/\/mojorah.rs\/wp-content\/uploads\/2021\/09\/2.1-1536x2048.jpg 1536w, https:\/\/mojorah.rs\/wp-content\/uploads\/2021\/09\/2.1-scaled.jpg 1920w\" sizes=\"(max-width: 768px) 100vw, 768px\" \/><figcaption class=\"blocks-gallery-item__caption\">Ponovno cepovanje<\/figcaption><\/figure><\/li><li class=\"blocks-gallery-item\"><figure><img loading=\"lazy\" width=\"768\" height=\"1024\" src=\"https:\/\/mojorah.rs\/wp-content\/uploads\/2021\/09\/2.2-768x1024.jpg\" alt=\"\" data-id=\"870\" data-full-url=\"https:\/\/mojorah.rs\/wp-content\/uploads\/2021\/09\/2.2-scaled.jpg\" data-link=\"https:\/\/mojorah.rs\/?attachment_id=870\" class=\"wp-image-870\" srcset=\"https:\/\/mojorah.rs\/wp-content\/uploads\/2021\/09\/2.2-768x1024.jpg 768w, https:\/\/mojorah.rs\/wp-content\/uploads\/2021\/09\/2.2-225x300.jpg 225w, https:\/\/mojorah.rs\/wp-content\/uploads\/2021\/09\/2.2-1152x1536.jpg 1152w, https:\/\/mojorah.rs\/wp-content\/uploads\/2021\/09\/2.2-1536x2048.jpg 1536w, https:\/\/mojorah.rs\/wp-content\/uploads\/2021\/09\/2.2-scaled.jpg 1920w\" sizes=\"(max-width: 768px) 100vw, 768px\" \/><figcaption class=\"blocks-gallery-item__caption\">Pocetak vegetacije<\/figcaption><\/figure><\/li><li class=\"blocks-gallery-item\"><figure><img loading=\"lazy\" width=\"768\" height=\"1024\" src=\"https:\/\/mojorah.rs\/wp-content\/uploads\/2021\/09\/2.4-1-768x1024.jpg\" alt=\"\" data-id=\"876\" data-full-url=\"https:\/\/mojorah.rs\/wp-content\/uploads\/2021\/09\/2.4-1-scaled.jpg\" data-link=\"https:\/\/mojorah.rs\/?attachment_id=876\" class=\"wp-image-876\" srcset=\"https:\/\/mojorah.rs\/wp-content\/uploads\/2021\/09\/2.4-1-768x1024.jpg 768w, https:\/\/mojorah.rs\/wp-content\/uploads\/2021\/09\/2.4-1-225x300.jpg 225w, https:\/\/mojorah.rs\/wp-content\/uploads\/2021\/09\/2.4-1-1152x1536.jpg 1152w, https:\/\/mojorah.rs\/wp-content\/uploads\/2021\/09\/2.4-1-1536x2048.jpg 1536w, https:\/\/mojorah.rs\/wp-content\/uploads\/2021\/09\/2.4-1-scaled.jpg 1920w\" sizes=\"(max-width: 768px) 100vw, 768px\" \/><\/figure><\/li><li class=\"blocks-gallery-item\"><figure><img loading=\"lazy\" width=\"768\" height=\"1024\" src=\"https:\/\/mojorah.rs\/wp-content\/uploads\/2021\/09\/2.5-1-768x1024.jpg\" alt=\"\" data-id=\"875\" data-full-url=\"https:\/\/mojorah.rs\/wp-content\/uploads\/2021\/09\/2.5-1-scaled.jpg\" data-link=\"https:\/\/mojorah.rs\/?attachment_id=875\" class=\"wp-image-875\" srcset=\"https:\/\/mojorah.rs\/wp-content\/uploads\/2021\/09\/2.5-1-768x1024.jpg 768w, https:\/\/mojorah.rs\/wp-content\/uploads\/2021\/09\/2.5-1-225x300.jpg 225w, https:\/\/mojorah.rs\/wp-content\/uploads\/2021\/09\/2.5-1-1152x1536.jpg 1152w, https:\/\/mojorah.rs\/wp-content\/uploads\/2021\/09\/2.5-1-1536x2048.jpg 1536w, https:\/\/mojorah.rs\/wp-content\/uploads\/2021\/09\/2.5-1-scaled.jpg 1920w\" sizes=\"(max-width: 768px) 100vw, 768px\" \/><figcaption class=\"blocks-gallery-item__caption\">Kraj II vegetacije<\/figcaption><\/figure><\/li><\/ul><\/figure>\n\n\n\n<hr class=\"wp-block-separator\"\/>\n\n\n\n<h2>Moj zasad Ven\u010dane III godina<\/h2>\n\n\n\n<figure class=\"wp-block-gallery columns-3 is-cropped\"><ul class=\"blocks-gallery-grid\"><li class=\"blocks-gallery-item\"><figure><img loading=\"lazy\" width=\"768\" height=\"1024\" src=\"https:\/\/mojorah.rs\/wp-content\/uploads\/2021\/09\/1-4-768x1024.jpg\" alt=\"\" data-id=\"880\" data-full-url=\"https:\/\/mojorah.rs\/wp-content\/uploads\/2021\/09\/1-4-rotated.jpg\" data-link=\"https:\/\/mojorah.rs\/?attachment_id=880\" class=\"wp-image-880\" srcset=\"https:\/\/mojorah.rs\/wp-content\/uploads\/2021\/09\/1-4-768x1024.jpg 768w, https:\/\/mojorah.rs\/wp-content\/uploads\/2021\/09\/1-4-225x300.jpg 225w, https:\/\/mojorah.rs\/wp-content\/uploads\/2021\/09\/1-4-1152x1536.jpg 1152w, https:\/\/mojorah.rs\/wp-content\/uploads\/2021\/09\/1-4-rotated.jpg 1512w\" sizes=\"(max-width: 768px) 100vw, 768px\" \/><figcaption class=\"blocks-gallery-item__caption\">Pocetak III vegetacije<\/figcaption><\/figure><\/li><li class=\"blocks-gallery-item\"><figure><img loading=\"lazy\" width=\"768\" height=\"1024\" src=\"https:\/\/mojorah.rs\/wp-content\/uploads\/2021\/09\/2-3-768x1024.jpg\" alt=\"\" data-id=\"881\" data-full-url=\"https:\/\/mojorah.rs\/wp-content\/uploads\/2021\/09\/2-3-rotated.jpg\" data-link=\"https:\/\/mojorah.rs\/?attachment_id=881\" class=\"wp-image-881\" srcset=\"https:\/\/mojorah.rs\/wp-content\/uploads\/2021\/09\/2-3-768x1024.jpg 768w, https:\/\/mojorah.rs\/wp-content\/uploads\/2021\/09\/2-3-225x300.jpg 225w, https:\/\/mojorah.rs\/wp-content\/uploads\/2021\/09\/2-3-1152x1536.jpg 1152w, https:\/\/mojorah.rs\/wp-content\/uploads\/2021\/09\/2-3-rotated.jpg 1512w\" sizes=\"(max-width: 768px) 100vw, 768px\" \/><figcaption class=\"blocks-gallery-item__caption\">Savijanje grana<\/figcaption><\/figure><\/li><li class=\"blocks-gallery-item\"><figure><img loading=\"lazy\" width=\"768\" height=\"1024\" src=\"https:\/\/mojorah.rs\/wp-content\/uploads\/2021\/09\/3-3-768x1024.jpg\" alt=\"\" data-id=\"882\" data-full-url=\"https:\/\/mojorah.rs\/wp-content\/uploads\/2021\/09\/3-3-rotated.jpg\" data-link=\"https:\/\/mojorah.rs\/?attachment_id=882\" class=\"wp-image-882\" srcset=\"https:\/\/mojorah.rs\/wp-content\/uploads\/2021\/09\/3-3-768x1024.jpg 768w, https:\/\/mojorah.rs\/wp-content\/uploads\/2021\/09\/3-3-225x300.jpg 225w, https:\/\/mojorah.rs\/wp-content\/uploads\/2021\/09\/3-3-1152x1536.jpg 1152w, https:\/\/mojorah.rs\/wp-content\/uploads\/2021\/09\/3-3-rotated.jpg 1512w\" sizes=\"(max-width: 768px) 100vw, 768px\" \/><figcaption class=\"blocks-gallery-item__caption\">Prvi plod<\/figcaption><\/figure><\/li><li class=\"blocks-gallery-item\"><figure><img loading=\"lazy\" width=\"768\" height=\"1024\" src=\"https:\/\/mojorah.rs\/wp-content\/uploads\/2021\/09\/5-768x1024.jpg\" alt=\"\" data-id=\"884\" data-full-url=\"https:\/\/mojorah.rs\/wp-content\/uploads\/2021\/09\/5-rotated.jpg\" data-link=\"https:\/\/mojorah.rs\/?attachment_id=884\" class=\"wp-image-884\" srcset=\"https:\/\/mojorah.rs\/wp-content\/uploads\/2021\/09\/5-768x1024.jpg 768w, https:\/\/mojorah.rs\/wp-content\/uploads\/2021\/09\/5-225x300.jpg 225w, https:\/\/mojorah.rs\/wp-content\/uploads\/2021\/09\/5-1152x1536.jpg 1152w, https:\/\/mojorah.rs\/wp-content\/uploads\/2021\/09\/5-rotated.jpg 1512w\" sizes=\"(max-width: 768px) 100vw, 768px\" \/><\/figure><\/li><li class=\"blocks-gallery-item\"><figure><img loading=\"lazy\" width=\"1024\" height=\"1024\" src=\"https:\/\/mojorah.rs\/wp-content\/uploads\/2021\/09\/2021-2-1024x1024.jpg\" alt=\"\" data-id=\"885\" data-full-url=\"https:\/\/mojorah.rs\/wp-content\/uploads\/2021\/09\/2021-2-scaled.jpg\" data-link=\"https:\/\/mojorah.rs\/?attachment_id=885\" class=\"wp-image-885\" srcset=\"https:\/\/mojorah.rs\/wp-content\/uploads\/2021\/09\/2021-2-1024x1024.jpg 1024w, https:\/\/mojorah.rs\/wp-content\/uploads\/2021\/09\/2021-2-300x300.jpg 300w, https:\/\/mojorah.rs\/wp-content\/uploads\/2021\/09\/2021-2-150x150.jpg 150w, https:\/\/mojorah.rs\/wp-content\/uploads\/2021\/09\/2021-2-768x768.jpg 768w, https:\/\/mojorah.rs\/wp-content\/uploads\/2021\/09\/2021-2-1536x1536.jpg 1536w, https:\/\/mojorah.rs\/wp-content\/uploads\/2021\/09\/2021-2-2048x2048.jpg 2048w\" sizes=\"(max-width: 1024px) 100vw, 1024px\" \/><figcaption class=\"blocks-gallery-item__caption\">Kraj III vegetacije<\/figcaption><\/figure><\/li><\/ul><\/figure>\n\n\n\n<h2>Moj zasad Ven\u010dane IV godina<\/h2>\n\n\n\n<figure class=\"wp-block-gallery columns-1 is-cropped\"><ul class=\"blocks-gallery-grid\"><li class=\"blocks-gallery-item\"><figure><img loading=\"lazy\" width=\"768\" height=\"1024\" src=\"https:\/\/mojorah.rs\/wp-content\/uploads\/2022\/07\/Picture1-768x1024.jpg\" alt=\"\" data-id=\"923\" data-full-url=\"https:\/\/mojorah.rs\/wp-content\/uploads\/2022\/07\/Picture1.jpg\" data-link=\"https:\/\/mojorah.rs\/?attachment_id=923\" class=\"wp-image-923\" srcset=\"https:\/\/mojorah.rs\/wp-content\/uploads\/2022\/07\/Picture1-768x1024.jpg 768w, https:\/\/mojorah.rs\/wp-content\/uploads\/2022\/07\/Picture1-225x300.jpg 225w, https:\/\/mojorah.rs\/wp-content\/uploads\/2022\/07\/Picture1-1152x1536.jpg 1152w, https:\/\/mojorah.rs\/wp-content\/uploads\/2022\/07\/Picture1-1536x2048.jpg 1536w, https:\/\/mojorah.rs\/wp-content\/uploads\/2022\/07\/Picture1.jpg 1890w\" sizes=\"(max-width: 768px) 100vw, 768px\" \/><\/figure><\/li><\/ul><figcaption class=\"blocks-gallery-caption\">IV vegetacija<\/figcaption><\/figure>\n","protected":false},"excerpt":{"rendered":"<p>Moj zasad Ven\u010dane I godina Moj zasad Ven\u010dane II godina Moj zasad Ven\u010dane III godina Moj zasad Ven\u010dane IV godina&hellip;<\/p>\n","protected":false},"author":1,"featured_media":0,"parent":0,"menu_order":0,"comment_status":"closed","ping_status":"closed","template":"template.one-page.php","meta":[],"_links":{"self":[{"href":"https:\/\/mojorah.rs\/index.php?rest_route=\/wp\/v2\/pages\/643"}],"collection":[{"href":"https:\/\/mojorah.rs\/index.php?rest_route=\/wp\/v2\/pages"}],"about":[{"href":"https:\/\/mojorah.rs\/index.php?rest_route=\/wp\/v2\/types\/page"}],"author":[{"embeddable":true,"href":"https:\/\/mojorah.rs\/index.php?rest_route=\/wp\/v2\/users\/1"}],"replies":[{"embeddable":true,"href":"https:\/\/mojorah.rs\/index.php?rest_route=%2Fwp%2Fv2%2Fcomments&post=643"}],"version-history":[{"count":27,"href":"https:\/\/mojorah.rs\/index.php?rest_route=\/wp\/v2\/pages\/643\/revisions"}],"predecessor-version":[{"id":938,"href":"https:\/\/mojorah.rs\/index.php?rest_route=\/wp\/v2\/pages\/643\/revisions\/938"}],"wp:attachment":[{"href":"https:\/\/mojorah.rs\/index.php?rest_route=%2Fwp%2Fv2%2Fmedia&parent=643"}],"curies":[{"name":"wp","href":"https:\/\/api.w.org\/{rel}","templated":true}]}}